{"id":279,"date":"2025-07-04T17:25:19","date_gmt":"2025-07-04T17:25:19","guid":{"rendered":"https:\/\/mentalidadealtaperformance.com.br\/?page_id=279"},"modified":"2025-07-04T17:43:30","modified_gmt":"2025-07-04T17:43:30","slug":"contato","status":"publish","type":"page","link":"https:\/\/mentalidadealtaperformance.com.br\/index.php\/contato\/","title":{"rendered":"Contato"},"content":{"rendered":"\t\t<div data-elementor-type=\"wp-page\" data-elementor-id=\"279\" class=\"elementor elementor-279\">\n\t\t\t\t<div class=\"elementor-element elementor-element-eaa29fa e-flex e-con-boxed e-con e-parent\" data-id=\"eaa29fa\" data-element_type=\"container\" data-settings=\"{&quot;background_background&quot;:&quot;classic&quot;}\">\n\t\t\t\t\t<div class=\"e-con-inner\">\n\t\t<div class=\"elementor-element elementor-element-082a09e e-con-full e-flex e-con e-child\" data-id=\"082a09e\" data-element_type=\"container\">\n\t\t<div class=\"elementor-element elementor-element-79fd287 e-con-full e-flex e-con e-child\" data-id=\"79fd287\" data-element_type=\"container\">\n\t\t\t\t<div class=\"elementor-element elementor-element-5d4eeef elementor-widget elementor-widget-elementskit-heading\" data-id=\"5d4eeef\" data-element_type=\"widget\" data-widget_type=\"elementskit-heading.default\">\n\t\t\t\t\t<div class=\"ekit-wid-con\" ><div class=\"ekit-heading elementskit-section-title-wraper text_left   ekit_heading_tablet-   ekit_heading_mobile-\"><h3 class=\"elementskit-section-subtitle  \">\n\t\t\t\t\t\tEntre em\n\t\t\t\t\t<\/h3><h2 class=\"ekit-heading--title elementskit-section-title \">Contato<\/h2><\/div><\/div>\t\t\t\t<\/div>\n\t\t\t\t<div class=\"elementor-element elementor-element-0c0a2dc elementor-widget elementor-widget-text-editor\" data-id=\"0c0a2dc\" data-element_type=\"widget\" data-widget_type=\"text-editor.default\">\n\t\t\t\t\t\t\t\t\t<p>Entre em contato com nossa equipe atrav\u00e9s do nosso e-mail contato@mentalidadealtaperformance.com.br ou preenchendo o formul\u00e1rio de contato.<\/p>\t\t\t\t\t\t\t\t<\/div>\n\t\t\t\t<div class=\"elementor-element elementor-element-2db2dde elementor-icon-list--layout-traditional elementor-list-item-link-full_width elementor-widget elementor-widget-icon-list\" data-id=\"2db2dde\" data-element_type=\"widget\" data-widget_type=\"icon-list.default\">\n\t\t\t\t\t\t\t<ul class=\"elementor-icon-list-items\">\n\t\t\t\t\t\t\t<li class=\"elementor-icon-list-item\">\n\t\t\t\t\t\t\t\t\t\t\t<span class=\"elementor-icon-list-icon\">\n\t\t\t\t\t\t\t<svg aria-hidden=\"true\" class=\"e-font-icon-svg e-fas-phone-alt\" viewBox=\"0 0 512 512\" xmlns=\"http:\/\/www.w3.org\/2000\/svg\"><path d=\"M497.39 361.8l-112-48a24 24 0 0 0-28 6.9l-49.6 60.6A370.66 370.66 0 0 1 130.6 204.11l60.6-49.6a23.94 23.94 0 0 0 6.9-28l-48-112A24.16 24.16 0 0 0 122.6.61l-104 24A24 24 0 0 0 0 48c0 256.5 207.9 464 464 464a24 24 0 0 0 23.4-18.6l24-104a24.29 24.29 0 0 0-14.01-27.6z\"><\/path><\/svg>\t\t\t\t\t\t<\/span>\n\t\t\t\t\t\t\t\t\t\t<span class=\"elementor-icon-list-text\">(11) 9999-9999<\/span>\n\t\t\t\t\t\t\t\t\t<\/li>\n\t\t\t\t\t\t\t\t<li class=\"elementor-icon-list-item\">\n\t\t\t\t\t\t\t\t\t\t\t<span class=\"elementor-icon-list-icon\">\n\t\t\t\t\t\t\t<i aria-hidden=\"true\" class=\"icon icon-whatsapp-1\"><\/i>\t\t\t\t\t\t<\/span>\n\t\t\t\t\t\t\t\t\t\t<span class=\"elementor-icon-list-text\">(11) 9999-9999<\/span>\n\t\t\t\t\t\t\t\t\t<\/li>\n\t\t\t\t\t\t\t\t<li class=\"elementor-icon-list-item\">\n\t\t\t\t\t\t\t\t\t\t\t<span class=\"elementor-icon-list-icon\">\n\t\t\t\t\t\t\t<svg aria-hidden=\"true\" class=\"e-font-icon-svg e-fas-map-marker-alt\" viewBox=\"0 0 384 512\" xmlns=\"http:\/\/www.w3.org\/2000\/svg\"><path d=\"M172.268 501.67C26.97 291.031 0 269.413 0 192 0 85.961 85.961 0 192 0s192 85.961 192 192c0 77.413-26.97 99.031-172.268 309.67-9.535 13.774-29.93 13.773-39.464 0zM192 272c44.183 0 80-35.817 80-80s-35.817-80-80-80-80 35.817-80 80 35.817 80 80 80z\"><\/path><\/svg>\t\t\t\t\t\t<\/span>\n\t\t\t\t\t\t\t\t\t\t<span class=\"elementor-icon-list-text\">R. Visc. de Piraj\u00e1, 111 - sala 515 - Ipanema<br>Rio de Janeiro - RJ, 22050-012<\/span>\n\t\t\t\t\t\t\t\t\t<\/li>\n\t\t\t\t\t\t<\/ul>\n\t\t\t\t\t\t<\/div>\n\t\t\t\t<div class=\"elementor-element elementor-element-8fc7fe1 elementor-align-left elementor-widget__width-auto elementor-widget elementor-widget-elementskit-button\" data-id=\"8fc7fe1\" data-element_type=\"widget\" data-widget_type=\"elementskit-button.default\">\n\t\t\t\t\t<div class=\"ekit-wid-con\" >\t\t<div class=\"ekit-btn-wraper\">\n\t\t\t\t\t\t\t<a href=\"#\" class=\"elementskit-btn  whitespace--normal\" id=\"\">\n\t\t\t\t\tVeja como chegar<svg class=\"e-font-icon-svg e-fas-arrow-right\" viewBox=\"0 0 448 512\" xmlns=\"http:\/\/www.w3.org\/2000\/svg\"><path d=\"M190.5 66.9l22.2-22.2c9.4-9.4 24.6-9.4 33.9 0L441 239c9.4 9.4 9.4 24.6 0 33.9L246.6 467.3c-9.4 9.4-24.6 9.4-33.9 0l-22.2-22.2c-9.5-9.5-9.3-25 .4-34.3L311.4 296H24c-13.3 0-24-10.7-24-24v-32c0-13.3 10.7-24 24-24h287.4L190.9 101.2c-9.8-9.3-10-24.8-.4-34.3z\"><\/path><\/svg>\t\t\t\t<\/a>\n\t\t\t\t\t<\/div>\n        <\/div>\t\t\t\t<\/div>\n\t\t\t\t<\/div>\n\t\t<div class=\"elementor-element elementor-element-43eeaa6 e-con-full e-flex e-con e-child\" data-id=\"43eeaa6\" data-element_type=\"container\" data-settings=\"{&quot;background_background&quot;:&quot;classic&quot;}\">\n\t\t\t\t<div class=\"elementor-element elementor-element-5d487a8 elementor-widget elementor-widget-everest-forms\" data-id=\"5d487a8\" data-element_type=\"widget\" data-widget_type=\"everest-forms.default\">\n\t\t\t\t<div class=\"elementor-widget-container\">\n\t\t\t\t\t\t\t\t<div class=\"everest-forms\"><div class=\"evf-container default\" id=\"evf-278\"><form id=\"evf-form-278\" class=\"everest-form\" data-formid=\"278\" data-ajax_submission=\"0\" data-keyboard_friendly_form=\"0\" method=\"post\" enctype=\"multipart\/form-data\" action=\"\/index.php\/wp-json\/wp\/v2\/pages\/279\"><div class=\"evf-field-container\"><input type=\"hidden\" id=\"_wpnonce278\" name=\"_wpnonce278\" value=\"7a0cdfa940\" \/><input type=\"hidden\" name=\"_wp_http_referer\" value=\"\/index.php\/wp-json\/wp\/v2\/pages\/279\" \/><div class=\"evf-frontend-row\" data-row=\"row_1\" conditional_rules=\"[]\"><div class=\"evf-frontend-grid evf-grid-1\" data-grid=\"grid_1\"><div id=\"evf-278-field_ys0GeZISRs-1-container\" class=\"evf-field evf-field-first-name form-row validate-required\" data-required-field-message=\"This field is required.\" data-field-id=\"ys0GeZISRs-1\"><label class=\"evf-field-label evf-label-hide\" for=\"evf-278-field_ys0GeZISRs-1\"><span class=\"evf-label\">Nome<\/span> <abbr class=\"required\" title=\"Required\">*<\/abbr><\/label><input type=\"text\" id=\"evf-278-field_ys0GeZISRs-1\" class=\"input-text\" name=\"everest_forms[form_fields][ys0GeZISRs-1]\" placeholder=\"Nome\" required><\/div><div id=\"evf-278-field_LbH5NxasXM-2-container\" class=\"evf-field evf-field-email form-row validate-required validate-email\" data-required-field-message=\"Please enter a valid email address.\" data-field-id=\"LbH5NxasXM-2\"><label class=\"evf-field-label evf-label-hide\" for=\"evf-278-field_LbH5NxasXM-2\"><span class=\"evf-label\">E-mail<\/span> <abbr class=\"required\" title=\"Required\">*<\/abbr><\/label><input type=\"email\" id=\"evf-278-field_LbH5NxasXM-2\" class=\"input-text\" name=\"everest_forms[form_fields][LbH5NxasXM-2]\" placeholder=\"E-mail\" required ><\/div><div id=\"evf-278-field_1N1m1gzsmg-5-container\" class=\"evf-field evf-field-text form-row validate-required\" data-required-field-message=\"This field is required.\" data-field-id=\"1N1m1gzsmg-5\"><label class=\"evf-field-label evf-label-hide\" for=\"evf-278-field_1N1m1gzsmg-5\"><span class=\"evf-label\">Whatsapp<\/span> <abbr class=\"required\" title=\"Required\">*<\/abbr><\/label><input type=\"text\" id=\"evf-278-field_1N1m1gzsmg-5\" class=\"input-text evf-masked-input\" data-inputmask-mask=\"(99) 99999-9999\" name=\"everest_forms[form_fields][1N1m1gzsmg-5]\" placeholder=\"Whatsapp\" required><\/div><div id=\"evf-278-field_66FR384cge-3-container\" class=\"evf-field evf-field-text form-row validate-required\" data-required-field-message=\"This field is required.\" data-field-id=\"66FR384cge-3\"><label class=\"evf-field-label evf-label-hide\" for=\"evf-278-field_66FR384cge-3\"><span class=\"evf-label\">Assunto<\/span> <abbr class=\"required\" title=\"Required\">*<\/abbr><\/label><input type=\"text\" id=\"evf-278-field_66FR384cge-3\" class=\"input-text\" name=\"everest_forms[form_fields][66FR384cge-3]\" placeholder=\"Assunto\" required><\/div><div id=\"evf-278-field_yhGx3FOwr2-4-container\" class=\"evf-field evf-field-textarea form-row\" data-field-id=\"yhGx3FOwr2-4\"><label class=\"evf-field-label evf-label-hide\" for=\"evf-278-field_yhGx3FOwr2-4\"><span class=\"evf-label\">Mensagem<\/span> <\/label><textarea id=\"evf-278-field_yhGx3FOwr2-4\" class=\"input-text\" name=\"everest_forms[form_fields][yhGx3FOwr2-4]\" placeholder=\"Mensagem\"  ><\/textarea><\/div><\/div><\/div><\/div><div class=\"evf-honeypot-container evf-field-hp\"><label for=\"evf-278-field-hp\" class=\"evf-field-label\">Message<\/label><input type=\"text\" name=\"everest_forms[hp]\" id=\"evf-278-field-hp\" class=\"input-text\"><\/div><div class=\"evf-submit-container \" ><input type=\"hidden\" name=\"everest_forms[id]\" value=\"278\"><input type=\"hidden\" name=\"everest_forms[author]\" value=\"1\"><button type='submit' name='everest_forms[submit]' class='everest-forms-submit-button button evf-submit ' id='evf-submit-278' value='evf-submit' data-process-text=\"Enviando\u2026\" conditional_rules='&quot;&quot;' conditional_id='evf-submit-278'  id=\"evf-submit-278\" aria-live=\"assertive\">Enviar<\/button><\/div><\/form><\/div><!-- .evf-container --><\/div>\t\t\t\t\t\t<\/div>\n\t\t\t\t<\/div>\n\t\t\t\t<\/div>\n\t\t\t\t<\/div>\n\t\t\t\t\t<\/div>\n\t\t\t\t<\/div>\n\t\t\t\t<\/div>\n\t\t","protected":false},"excerpt":{"rendered":"<p>Entre em Contato Entre em contato com nossa equipe atrav\u00e9s do nosso e-mail contato@mentalidadealtaperformance.com.br ou preenchendo o formul\u00e1rio de contato. (11) 9999-9999 (11) 9999-9999 R. Visc. de Piraj\u00e1, 111 &#8211; sala 515 &#8211; IpanemaRio de&hellip;<\/p>\n<p> <a class=\"more-link\" href=\"https:\/\/mentalidadealtaperformance.com.br\/index.php\/contato\/\">Leia mais<\/a><\/p>\n","protected":false},"author":1,"featured_media":0,"parent":0,"menu_order":0,"comment_status":"closed","ping_status":"closed","template":"elementor_header_footer","meta":{"footnotes":""},"class_list":["post-279","page","type-page","status-publish"],"yoast_head":"<!-- This site is optimized with the Yoast SEO plugin v25.4 - https:\/\/yoast.com\/wordpress\/plugins\/seo\/ -->\n<title>Contato - Mentalidade alta performance<\/title>\n<meta name=\"robots\" content=\"index, follow, max-snippet:-1, max-image-preview:large, max-video-preview:-1\" \/>\n<link rel=\"canonical\" href=\"https:\/\/mentalidadealtaperformance.com.br\/index.php\/contato\/\" \/>\n<meta property=\"og:locale\" content=\"pt_BR\" \/>\n<meta property=\"og:type\" content=\"article\" \/>\n<meta property=\"og:title\" content=\"Contato - Mentalidade alta performance\" \/>\n<meta property=\"og:description\" content=\"Entre em Contato Entre em contato com nossa equipe atrav\u00e9s do nosso e-mail contato@mentalidadealtaperformance.com.br ou preenchendo o formul\u00e1rio de contato. (11) 9999-9999 (11) 9999-9999 R. Visc. de Piraj\u00e1, 111 &#8211; sala 515 &#8211; IpanemaRio de&hellip;  Leia mais\" \/>\n<meta property=\"og:url\" content=\"https:\/\/mentalidadealtaperformance.com.br\/index.php\/contato\/\" \/>\n<meta property=\"og:site_name\" content=\"Mentalidade alta performance\" \/>\n<meta property=\"article:modified_time\" content=\"2025-07-04T17:43:30+00:00\" \/>\n<meta name=\"twitter:card\" content=\"summary_large_image\" \/>\n<meta name=\"twitter:label1\" content=\"Est. tempo de leitura\" \/>\n\t<meta name=\"twitter:data1\" content=\"1 minuto\" \/>\n<script type=\"application\/ld+json\" class=\"yoast-schema-graph\">{\"@context\":\"https:\/\/schema.org\",\"@graph\":[{\"@type\":\"WebPage\",\"@id\":\"https:\/\/mentalidadealtaperformance.com.br\/index.php\/contato\/\",\"url\":\"https:\/\/mentalidadealtaperformance.com.br\/index.php\/contato\/\",\"name\":\"Contato - Mentalidade alta performance\",\"isPartOf\":{\"@id\":\"https:\/\/mentalidadealtaperformance.com.br\/#website\"},\"datePublished\":\"2025-07-04T17:25:19+00:00\",\"dateModified\":\"2025-07-04T17:43:30+00:00\",\"breadcrumb\":{\"@id\":\"https:\/\/mentalidadealtaperformance.com.br\/index.php\/contato\/#breadcrumb\"},\"inLanguage\":\"pt-BR\",\"potentialAction\":[{\"@type\":\"ReadAction\",\"target\":[\"https:\/\/mentalidadealtaperformance.com.br\/index.php\/contato\/\"]}]},{\"@type\":\"BreadcrumbList\",\"@id\":\"https:\/\/mentalidadealtaperformance.com.br\/index.php\/contato\/#breadcrumb\",\"itemListElement\":[{\"@type\":\"ListItem\",\"position\":1,\"name\":\"In\u00edcio\",\"item\":\"https:\/\/mentalidadealtaperformance.com.br\/\"},{\"@type\":\"ListItem\",\"position\":2,\"name\":\"Contato\"}]},{\"@type\":\"WebSite\",\"@id\":\"https:\/\/mentalidadealtaperformance.com.br\/#website\",\"url\":\"https:\/\/mentalidadealtaperformance.com.br\/\",\"name\":\"Mentalidade alta performance\",\"description\":\"\",\"potentialAction\":[{\"@type\":\"SearchAction\",\"target\":{\"@type\":\"EntryPoint\",\"urlTemplate\":\"https:\/\/mentalidadealtaperformance.com.br\/?s={search_term_string}\"},\"query-input\":{\"@type\":\"PropertyValueSpecification\",\"valueRequired\":true,\"valueName\":\"search_term_string\"}}],\"inLanguage\":\"pt-BR\"}]}<\/script>\n<!-- \/ Yoast SEO plugin. -->","yoast_head_json":{"title":"Contato - Mentalidade alta performance","robots":{"index":"index","follow":"follow","max-snippet":"max-snippet:-1","max-image-preview":"max-image-preview:large","max-video-preview":"max-video-preview:-1"},"canonical":"https:\/\/mentalidadealtaperformance.com.br\/index.php\/contato\/","og_locale":"pt_BR","og_type":"article","og_title":"Contato - Mentalidade alta performance","og_description":"Entre em Contato Entre em contato com nossa equipe atrav\u00e9s do nosso e-mail contato@mentalidadealtaperformance.com.br ou preenchendo o formul\u00e1rio de contato. (11) 9999-9999 (11) 9999-9999 R. Visc. de Piraj\u00e1, 111 &#8211; sala 515 &#8211; IpanemaRio de&hellip;  Leia mais","og_url":"https:\/\/mentalidadealtaperformance.com.br\/index.php\/contato\/","og_site_name":"Mentalidade alta performance","article_modified_time":"2025-07-04T17:43:30+00:00","twitter_card":"summary_large_image","twitter_misc":{"Est. tempo de leitura":"1 minuto"},"schema":{"@context":"https:\/\/schema.org","@graph":[{"@type":"WebPage","@id":"https:\/\/mentalidadealtaperformance.com.br\/index.php\/contato\/","url":"https:\/\/mentalidadealtaperformance.com.br\/index.php\/contato\/","name":"Contato - Mentalidade alta performance","isPartOf":{"@id":"https:\/\/mentalidadealtaperformance.com.br\/#website"},"datePublished":"2025-07-04T17:25:19+00:00","dateModified":"2025-07-04T17:43:30+00:00","breadcrumb":{"@id":"https:\/\/mentalidadealtaperformance.com.br\/index.php\/contato\/#breadcrumb"},"inLanguage":"pt-BR","potentialAction":[{"@type":"ReadAction","target":["https:\/\/mentalidadealtaperformance.com.br\/index.php\/contato\/"]}]},{"@type":"BreadcrumbList","@id":"https:\/\/mentalidadealtaperformance.com.br\/index.php\/contato\/#breadcrumb","itemListElement":[{"@type":"ListItem","position":1,"name":"In\u00edcio","item":"https:\/\/mentalidadealtaperformance.com.br\/"},{"@type":"ListItem","position":2,"name":"Contato"}]},{"@type":"WebSite","@id":"https:\/\/mentalidadealtaperformance.com.br\/#website","url":"https:\/\/mentalidadealtaperformance.com.br\/","name":"Mentalidade alta performance","description":"","potentialAction":[{"@type":"SearchAction","target":{"@type":"EntryPoint","urlTemplate":"https:\/\/mentalidadealtaperformance.com.br\/?s={search_term_string}"},"query-input":{"@type":"PropertyValueSpecification","valueRequired":true,"valueName":"search_term_string"}}],"inLanguage":"pt-BR"}]}},"_links":{"self":[{"href":"https:\/\/mentalidadealtaperformance.com.br\/index.php\/wp-json\/wp\/v2\/pages\/279","targetHints":{"allow":["GET"]}}],"collection":[{"href":"https:\/\/mentalidadealtaperformance.com.br\/index.php\/wp-json\/wp\/v2\/pages"}],"about":[{"href":"https:\/\/mentalidadealtaperformance.com.br\/index.php\/wp-json\/wp\/v2\/types\/page"}],"author":[{"embeddable":true,"href":"https:\/\/mentalidadealtaperformance.com.br\/index.php\/wp-json\/wp\/v2\/users\/1"}],"replies":[{"embeddable":true,"href":"https:\/\/mentalidadealtaperformance.com.br\/index.php\/wp-json\/wp\/v2\/comments?post=279"}],"version-history":[{"count":13,"href":"https:\/\/mentalidadealtaperformance.com.br\/index.php\/wp-json\/wp\/v2\/pages\/279\/revisions"}],"predecessor-version":[{"id":301,"href":"https:\/\/mentalidadealtaperformance.com.br\/index.php\/wp-json\/wp\/v2\/pages\/279\/revisions\/301"}],"wp:attachment":[{"href":"https:\/\/mentalidadealtaperformance.com.br\/index.php\/wp-json\/wp\/v2\/media?parent=279"}],"curies":[{"name":"wp","href":"https:\/\/api.w.org\/{rel}","templated":true}]}}